{"id":14,"date":"2021-06-02T10:50:39","date_gmt":"2021-06-02T10:50:39","guid":{"rendered":"https:\/\/vogt-elektro.ch\/keramik\/?page_id=14"},"modified":"2024-02-13T11:53:30","modified_gmt":"2024-02-13T11:53:30","slug":"ausstellung","status":"publish","type":"page","link":"https:\/\/keramik-allenbach.ch\/index.php\/ausstellung\/","title":{"rendered":"Ausstellung"},"content":{"rendered":"\t\t<div data-elementor-type=\"wp-page\" data-elementor-id=\"14\" class=\"elementor elementor-14\" data-elementor-post-type=\"page\">\n\t\t\t\t\t\t<section class=\"elementor-section elementor-top-section elementor-element elementor-element-5162221 elementor-section-boxed elementor-section-height-default elementor-section-height-default\" data-id=\"5162221\" data-element_type=\"section\">\n\t\t\t\t\t\t<div class=\"elementor-container elementor-column-gap-default\">\n\t\t\t\t\t<div class=\"elementor-column elementor-col-100 elementor-top-column elementor-element elementor-element-5939d37\" data-id=\"5939d37\" data-element_type=\"column\">\n\t\t\t<div class=\"elementor-widget-wrap elementor-element-populated\">\n\t\t\t\t\t\t<div class=\"elementor-element elementor-element-2edbea3 elementor-widget elementor-widget-heading\" data-id=\"2edbea3\" data-element_type=\"widget\" data-widget_type=\"heading.default\">\n\t\t\t\t<div class=\"elementor-widget-container\">\n\t\t\t\t\t<h2 class=\"elementor-heading-title elementor-size-default\">Ausstellung und Beratungen<\/h2>\t\t\t\t<\/div>\n\t\t\t\t<\/div>\n\t\t\t\t<div class=\"elementor-element elementor-element-d5bb341 elementor-widget elementor-widget-text-editor\" data-id=\"d5bb341\" data-element_type=\"widget\" data-widget_type=\"text-editor.default\">\n\t\t\t\t<div class=\"elementor-widget-container\">\n\t\t\t\t\t\t\t\t\t<p>In der kleinen aber feinen Ausstellung zeigen wir neue Ideen, kreative Beispiele aus der Welt der Keramik und die aktuellen Trends.<\/p>\t\t\t\t\t\t\t\t<\/div>\n\t\t\t\t<\/div>\n\t\t\t\t<div class=\"elementor-element elementor-element-9bfaed3 elementor-widget elementor-widget-heading\" data-id=\"9bfaed3\" data-element_type=\"widget\" data-widget_type=\"heading.default\">\n\t\t\t\t<div class=\"elementor-widget-container\">\n\t\t\t\t\t<h4 class=\"elementor-heading-title elementor-size-default\">Ganzj\u00e4hrige Ausstellung\u00a0<\/h4>\t\t\t\t<\/div>\n\t\t\t\t<\/div>\n\t\t\t\t<div class=\"elementor-element elementor-element-a28e840 elementor-widget elementor-widget-text-editor\" data-id=\"a28e840\" data-element_type=\"widget\" data-widget_type=\"text-editor.default\">\n\t\t\t\t<div class=\"elementor-widget-container\">\n\t\t\t\t\t\t\t\t\t<p>Die Ausstellung befindet sich an der Staatsstrasse 102c in <strong>H\u00fcnibach bei Thun<\/strong>.<br><span style=\"color: var( --e-global-color-text ); font-size: 1rem;\">F\u00fcr einen Besuch oder eine Beratung bitten wir Sie, sich f\u00fcr einen Termin vorher telefonisch oder per E-Mail bei uns zu melden.<\/span><\/p>\n<p>Wir freuen uns auf Ihren Besuch.<\/p>\n<p><\/p>\t\t\t\t\t\t\t\t<\/div>\n\t\t\t\t<\/div>\n\t\t\t\t<div class=\"elementor-element elementor-element-0285293 elementor-widget elementor-widget-heading\" data-id=\"0285293\" data-element_type=\"widget\" data-widget_type=\"heading.default\">\n\t\t\t\t<div class=\"elementor-widget-container\">\n\t\t\t\t\t<h4 class=\"elementor-heading-title elementor-size-default\">F\u00fcr Architekten und Planer<\/h4>\t\t\t\t<\/div>\n\t\t\t\t<\/div>\n\t\t\t\t<div class=\"elementor-element elementor-element-1121cd6 elementor-widget elementor-widget-text-editor\" data-id=\"1121cd6\" data-element_type=\"widget\" data-widget_type=\"text-editor.default\">\n\t\t\t\t<div class=\"elementor-widget-container\">\n\t\t\t\t\t\t\t\t\t<p>Speziell f\u00fcr Architekten und Planer bieten wir kompetente sowie l\u00f6sungsorientierte Beratungen zu Themen wie Expertisen, Gutachten, Bauberatung, Trittsicherheit im \u00f6ffentlichen Bereich und gewerbliche L\u00f6sungen, wie auch zum Schwimmbad-, Wellness- und Poolbau an. Weiter bieten wir kompetente Beratungen bei Renovationen, Umbauten und Neubauten. \u00a0<\/p>\t\t\t\t\t\t\t\t<\/div>\n\t\t\t\t<\/div>\n\t\t\t\t<div class=\"elementor-element elementor-element-30a6442 elementor-widget elementor-widget-gallery\" data-id=\"30a6442\" data-element_type=\"widget\" data-settings=\"{&quot;gallery_layout&quot;:&quot;justified&quot;,&quot;ideal_row_height&quot;:{&quot;unit&quot;:&quot;px&quot;,&quot;size&quot;:360,&quot;sizes&quot;:[]},&quot;lazyload&quot;:&quot;yes&quot;,&quot;ideal_row_height_tablet&quot;:{&quot;unit&quot;:&quot;px&quot;,&quot;size&quot;:150,&quot;sizes&quot;:[]},&quot;ideal_row_height_mobile&quot;:{&quot;unit&quot;:&quot;px&quot;,&quot;size&quot;:150,&quot;sizes&quot;:[]},&quot;gap&quot;:{&quot;unit&quot;:&quot;px&quot;,&quot;size&quot;:10,&quot;sizes&quot;:[]},&quot;gap_tablet&quot;:{&quot;unit&quot;:&quot;px&quot;,&quot;size&quot;:10,&quot;sizes&quot;:[]},&quot;gap_mobile&quot;:{&quot;unit&quot;:&quot;px&quot;,&quot;size&quot;:10,&quot;sizes&quot;:[]},&quot;link_to&quot;:&quot;file&quot;,&quot;overlay_background&quot;:&quot;yes&quot;,&quot;content_hover_animation&quot;:&quot;fade-in&quot;}\" data-widget_type=\"gallery.default\">\n\t\t\t\t<div class=\"elementor-widget-container\">\n\t\t\t\t\t\t\t<div class=\"elementor-gallery__container\">\n\t\t\t\t\t\t\t<a class=\"e-gallery-item elementor-gallery-item elementor-animated-content\" href=\"https:\/\/keramik-allenbach.ch\/wp-content\/uploads\/2022\/10\/photo_2022-10-04_08-13-32.jpg\" data-elementor-open-lightbox=\"yes\" data-elementor-lightbox-slideshow=\"30a6442\" data-e-action-hash=\"#elementor-action%3Aaction%3Dlightbox%26settings%3DeyJpZCI6MTE3MCwidXJsIjoiaHR0cHM6XC9cL2tlcmFtaWstYWxsZW5iYWNoLmNoXC93cC1jb250ZW50XC91cGxvYWRzXC8yMDIyXC8xMFwvcGhvdG9fMjAyMi0xMC0wNF8wOC0xMy0zMi5qcGciLCJzbGlkZXNob3ciOiIzMGE2NDQyIn0%3D\">\n\t\t\t\t\t<div class=\"e-gallery-image elementor-gallery-item__image\" data-thumbnail=\"https:\/\/keramik-allenbach.ch\/wp-content\/uploads\/2022\/10\/photo_2022-10-04_08-13-32-768x1024.jpg\" data-width=\"768\" data-height=\"1024\" aria-label=\"\" role=\"img\" ><\/div>\n\t\t\t\t\t\t\t\t\t\t\t<div class=\"elementor-gallery-item__overlay\"><\/div>\n\t\t\t\t\t\t\t\t\t\t\t\t\t\t<\/a>\n\t\t\t\t\t\t\t<a class=\"e-gallery-item elementor-gallery-item elementor-animated-content\" href=\"https:\/\/keramik-allenbach.ch\/wp-content\/uploads\/2021\/08\/IMG_5193-scaled.jpg\" data-elementor-open-lightbox=\"yes\" data-elementor-lightbox-slideshow=\"30a6442\" data-e-action-hash=\"#elementor-action%3Aaction%3Dlightbox%26settings%3DeyJpZCI6MzE3LCJ1cmwiOiJodHRwczpcL1wva2VyYW1pay1hbGxlbmJhY2guY2hcL3dwLWNvbnRlbnRcL3VwbG9hZHNcLzIwMjFcLzA4XC9JTUdfNTE5My1zY2FsZWQuanBnIiwic2xpZGVzaG93IjoiMzBhNjQ0MiJ9\">\n\t\t\t\t\t<div class=\"e-gallery-image elementor-gallery-item__image\" data-thumbnail=\"https:\/\/keramik-allenbach.ch\/wp-content\/uploads\/2021\/08\/IMG_5193-1024x768.jpg\" data-width=\"800\" data-height=\"600\" aria-label=\"\" role=\"img\" ><\/div>\n\t\t\t\t\t\t\t\t\t\t\t<div class=\"elementor-gallery-item__overlay\"><\/div>\n\t\t\t\t\t\t\t\t\t\t\t\t\t\t<\/a>\n\t\t\t\t\t\t\t<a class=\"e-gallery-item elementor-gallery-item elementor-animated-content\" href=\"https:\/\/keramik-allenbach.ch\/wp-content\/uploads\/2022\/10\/photo_2022-10-04_08-13-31.jpg\" data-elementor-open-lightbox=\"yes\" data-elementor-lightbox-slideshow=\"30a6442\" data-e-action-hash=\"#elementor-action%3Aaction%3Dlightbox%26settings%3DeyJpZCI6MTE2OCwidXJsIjoiaHR0cHM6XC9cL2tlcmFtaWstYWxsZW5iYWNoLmNoXC93cC1jb250ZW50XC91cGxvYWRzXC8yMDIyXC8xMFwvcGhvdG9fMjAyMi0xMC0wNF8wOC0xMy0zMS5qcGciLCJzbGlkZXNob3ciOiIzMGE2NDQyIn0%3D\">\n\t\t\t\t\t<div class=\"e-gallery-image elementor-gallery-item__image\" data-thumbnail=\"https:\/\/keramik-allenbach.ch\/wp-content\/uploads\/2022\/10\/photo_2022-10-04_08-13-31-768x1024.jpg\" data-width=\"768\" data-height=\"1024\" aria-label=\"\" role=\"img\" ><\/div>\n\t\t\t\t\t\t\t\t\t\t\t<div class=\"elementor-gallery-item__overlay\"><\/div>\n\t\t\t\t\t\t\t\t\t\t\t\t\t\t<\/a>\n\t\t\t\t\t\t\t<a class=\"e-gallery-item elementor-gallery-item elementor-animated-content\" href=\"https:\/\/keramik-allenbach.ch\/wp-content\/uploads\/2022\/10\/photo_2022-10-04_08-13-32-2-e1664864570634.jpg\" data-elementor-open-lightbox=\"yes\" data-elementor-lightbox-slideshow=\"30a6442\" data-e-action-hash=\"#elementor-action%3Aaction%3Dlightbox%26settings%3DeyJpZCI6MTE2OSwidXJsIjoiaHR0cHM6XC9cL2tlcmFtaWstYWxsZW5iYWNoLmNoXC93cC1jb250ZW50XC91cGxvYWRzXC8yMDIyXC8xMFwvcGhvdG9fMjAyMi0xMC0wNF8wOC0xMy0zMi0yLWUxNjY0ODY0NTcwNjM0LmpwZyIsInNsaWRlc2hvdyI6IjMwYTY0NDIifQ%3D%3D\">\n\t\t\t\t\t<div class=\"e-gallery-image elementor-gallery-item__image\" data-thumbnail=\"https:\/\/keramik-allenbach.ch\/wp-content\/uploads\/2022\/10\/photo_2022-10-04_08-13-32-2-e1664864570634-880x1024.jpg\" data-width=\"800\" data-height=\"931\" aria-label=\"\" role=\"img\" ><\/div>\n\t\t\t\t\t\t\t\t\t\t\t<div class=\"elementor-gallery-item__overlay\"><\/div>\n\t\t\t\t\t\t\t\t\t\t\t\t\t\t<\/a>\n\t\t\t\t\t\t\t<a class=\"e-gallery-item elementor-gallery-item elementor-animated-content\" href=\"https:\/\/keramik-allenbach.ch\/wp-content\/uploads\/2022\/10\/photo_2022-10-04_08-14-34-e1664864973256.jpg\" data-elementor-open-lightbox=\"yes\" data-elementor-lightbox-slideshow=\"30a6442\" data-e-action-hash=\"#elementor-action%3Aaction%3Dlightbox%26settings%3DeyJpZCI6MTE3MiwidXJsIjoiaHR0cHM6XC9cL2tlcmFtaWstYWxsZW5iYWNoLmNoXC93cC1jb250ZW50XC91cGxvYWRzXC8yMDIyXC8xMFwvcGhvdG9fMjAyMi0xMC0wNF8wOC0xNC0zNC1lMTY2NDg2NDk3MzI1Ni5qcGciLCJzbGlkZXNob3ciOiIzMGE2NDQyIn0%3D\">\n\t\t\t\t\t<div class=\"e-gallery-image elementor-gallery-item__image\" data-thumbnail=\"https:\/\/keramik-allenbach.ch\/wp-content\/uploads\/2022\/10\/photo_2022-10-04_08-14-34-e1664864973256-1024x626.jpg\" data-width=\"800\" data-height=\"489\" aria-label=\"\" role=\"img\" ><\/div>\n\t\t\t\t\t\t\t\t\t\t\t<div class=\"elementor-gallery-item__overlay\"><\/div>\n\t\t\t\t\t\t\t\t\t\t\t\t\t\t<\/a>\n\t\t\t\t\t\t\t<a class=\"e-gallery-item elementor-gallery-item elementor-animated-content\" href=\"https:\/\/keramik-allenbach.ch\/wp-content\/uploads\/2021\/08\/IMG_5182-scaled-e1664864920377.jpg\" data-elementor-open-lightbox=\"yes\" data-elementor-lightbox-slideshow=\"30a6442\" data-e-action-hash=\"#elementor-action%3Aaction%3Dlightbox%26settings%3DeyJpZCI6MzE0LCJ1cmwiOiJodHRwczpcL1wva2VyYW1pay1hbGxlbmJhY2guY2hcL3dwLWNvbnRlbnRcL3VwbG9hZHNcLzIwMjFcLzA4XC9JTUdfNTE4Mi1zY2FsZWQtZTE2NjQ4NjQ5MjAzNzcuanBnIiwic2xpZGVzaG93IjoiMzBhNjQ0MiJ9\">\n\t\t\t\t\t<div class=\"e-gallery-image elementor-gallery-item__image\" data-thumbnail=\"https:\/\/keramik-allenbach.ch\/wp-content\/uploads\/2021\/08\/IMG_5182-scaled-e1664864920377-1024x645.jpg\" data-width=\"800\" data-height=\"504\" aria-label=\"\" role=\"img\" ><\/div>\n\t\t\t\t\t\t\t\t\t\t\t<div class=\"elementor-gallery-item__overlay\"><\/div>\n\t\t\t\t\t\t\t\t\t\t\t\t\t\t<\/a>\n\t\t\t\t\t\t\t<a class=\"e-gallery-item elementor-gallery-item elementor-animated-content\" href=\"https:\/\/keramik-allenbach.ch\/wp-content\/uploads\/2022\/10\/photo_2022-10-04_08-13-33-e1664864596504.jpg\" data-elementor-open-lightbox=\"yes\" data-elementor-lightbox-slideshow=\"30a6442\" data-e-action-hash=\"#elementor-action%3Aaction%3Dlightbox%26settings%3DeyJpZCI6MTE3MSwidXJsIjoiaHR0cHM6XC9cL2tlcmFtaWstYWxsZW5iYWNoLmNoXC93cC1jb250ZW50XC91cGxvYWRzXC8yMDIyXC8xMFwvcGhvdG9fMjAyMi0xMC0wNF8wOC0xMy0zMy1lMTY2NDg2NDU5NjUwNC5qcGciLCJzbGlkZXNob3ciOiIzMGE2NDQyIn0%3D\">\n\t\t\t\t\t<div class=\"e-gallery-image elementor-gallery-item__image\" data-thumbnail=\"https:\/\/keramik-allenbach.ch\/wp-content\/uploads\/2022\/10\/photo_2022-10-04_08-13-33-e1664864596504-1024x881.jpg\" data-width=\"800\" data-height=\"688\" aria-label=\"\" role=\"img\" ><\/div>\n\t\t\t\t\t\t\t\t\t\t\t<div class=\"elementor-gallery-item__overlay\"><\/div>\n\t\t\t\t\t\t\t\t\t\t\t\t\t\t<\/a>\n\t\t\t\t\t<\/div>\n\t\t\t\t\t<\/div>\n\t\t\t\t<\/div>\n\t\t\t\t\t<\/div>\n\t\t<\/div>\n\t\t\t\t\t<\/div>\n\t\t<\/section>\n\t\t\t\t<\/div>\n\t\t","protected":false},"excerpt":{"rendered":"<p>Ausstellung und Beratungen In der kleinen aber feinen Ausstellung zeigen wir neue Ideen, kreative Beispiele aus der Welt der Keramik und die aktuellen Trends. Ganzj\u00e4hrige Ausstellung\u00a0 Die Ausstellung befindet sich an der Staatsstrasse 102c in H\u00fcnibach bei Thun.F\u00fcr einen Besuch oder eine Beratung bitten wir Sie, sich f\u00fcr einen Termin vorher telefonisch oder per E-Mail [&hellip;]<\/p>\n","protected":false},"author":1,"featured_media":0,"parent":0,"menu_order":0,"comment_status":"closed","ping_status":"closed","template":"elementor_header_footer","meta":{"footnotes":""},"class_list":["post-14","page","type-page","status-publish","hentry"],"_links":{"self":[{"href":"https:\/\/keramik-allenbach.ch\/index.php\/wp-json\/wp\/v2\/pages\/14","targetHints":{"allow":["GET"]}}],"collection":[{"href":"https:\/\/keramik-allenbach.ch\/index.php\/wp-json\/wp\/v2\/pages"}],"about":[{"href":"https:\/\/keramik-allenbach.ch\/index.php\/wp-json\/wp\/v2\/types\/page"}],"author":[{"embeddable":true,"href":"https:\/\/keramik-allenbach.ch\/index.php\/wp-json\/wp\/v2\/users\/1"}],"replies":[{"embeddable":true,"href":"https:\/\/keramik-allenbach.ch\/index.php\/wp-json\/wp\/v2\/comments?post=14"}],"version-history":[{"count":59,"href":"https:\/\/keramik-allenbach.ch\/index.php\/wp-json\/wp\/v2\/pages\/14\/revisions"}],"predecessor-version":[{"id":2473,"href":"https:\/\/keramik-allenbach.ch\/index.php\/wp-json\/wp\/v2\/pages\/14\/revisions\/2473"}],"wp:attachment":[{"href":"https:\/\/keramik-allenbach.ch\/index.php\/wp-json\/wp\/v2\/media?parent=14"}],"curies":[{"name":"wp","href":"https:\/\/api.w.org\/{rel}","templated":true}]}}