{"id":16,"date":"2021-06-02T10:50:39","date_gmt":"2021-06-02T10:50:39","guid":{"rendered":"https:\/\/vogt-elektro.ch\/keramik\/?page_id=16"},"modified":"2025-03-04T09:06:56","modified_gmt":"2025-03-04T09:06:56","slug":"leistungen","status":"publish","type":"page","link":"https:\/\/keramik-allenbach.ch\/index.php\/leistungen\/","title":{"rendered":"Leistungen"},"content":{"rendered":"\t\t<div data-elementor-type=\"wp-page\" data-elementor-id=\"16\" class=\"elementor elementor-16\" data-elementor-post-type=\"page\">\n\t\t\t\t\t\t<section class=\"elementor-section elementor-top-section elementor-element elementor-element-04460fd elementor-section-boxed elementor-section-height-default elementor-section-height-default\" data-id=\"04460fd\" data-element_type=\"section\">\n\t\t\t\t\t\t<div class=\"elementor-container elementor-column-gap-default\">\n\t\t\t\t\t<div class=\"elementor-column elementor-col-100 elementor-top-column elementor-element elementor-element-a079154\" data-id=\"a079154\" data-element_type=\"column\">\n\t\t\t<div class=\"elementor-widget-wrap elementor-element-populated\">\n\t\t\t\t\t\t<div class=\"elementor-element elementor-element-4e18f36 elementor-widget elementor-widget-heading\" data-id=\"4e18f36\" data-element_type=\"widget\" data-widget_type=\"heading.default\">\n\t\t\t\t<div class=\"elementor-widget-container\">\n\t\t\t\t\t<h2 class=\"elementor-heading-title elementor-size-default\">Leistungen und Trends<\/h2>\t\t\t\t<\/div>\n\t\t\t\t<\/div>\n\t\t\t\t<div class=\"elementor-element elementor-element-4b4f2ee elementor-widget elementor-widget-text-editor\" data-id=\"4b4f2ee\" data-element_type=\"widget\" data-widget_type=\"text-editor.default\">\n\t\t\t\t<div class=\"elementor-widget-container\">\n\t\t\t\t\t\t\t\t\t<p>In unserer Ausstellung in H\u00fcnibach bieten wir Ihnen von A bis Z alles in Bezug auf Ihre W\u00fcnsche und Bed\u00fcrfnisse f\u00fcr Wand- und Bodenbel\u00e4ge in Keramik, Natur- und\/oder Kunststeine, Mosaik, Feinsteinzeug und viele weitere Trends.<\/p>\t\t\t\t\t\t\t\t<\/div>\n\t\t\t\t<\/div>\n\t\t\t\t\t<\/div>\n\t\t<\/div>\n\t\t\t\t\t<\/div>\n\t\t<\/section>\n\t\t\t\t<section class=\"elementor-section elementor-top-section elementor-element elementor-element-4870e33 elementor-section-boxed elementor-section-height-default elementor-section-height-default\" data-id=\"4870e33\" data-element_type=\"section\">\n\t\t\t\t\t\t<div class=\"elementor-container elementor-column-gap-default\">\n\t\t\t\t\t<div class=\"elementor-column elementor-col-100 elementor-top-column elementor-element elementor-element-f6aae2f\" data-id=\"f6aae2f\" data-element_type=\"column\">\n\t\t\t<div class=\"elementor-widget-wrap elementor-element-populated\">\n\t\t\t\t\t\t<div class=\"elementor-element elementor-element-c532a6f elementor-widget elementor-widget-heading\" data-id=\"c532a6f\" data-element_type=\"widget\" data-widget_type=\"heading.default\">\n\t\t\t\t<div class=\"elementor-widget-container\">\n\t\t\t\t\t<h2 class=\"elementor-heading-title elementor-size-default\">Spezialbel\u00e4ge<\/h2>\t\t\t\t<\/div>\n\t\t\t\t<\/div>\n\t\t\t\t<div class=\"elementor-element elementor-element-6ea7906 elementor-widget elementor-widget-text-editor\" data-id=\"6ea7906\" data-element_type=\"widget\" data-widget_type=\"text-editor.default\">\n\t\t\t\t<div class=\"elementor-widget-container\">\n\t\t\t\t\t\t\t\t\t<p>Eine Besonderheit der Keramik Allenbach AG sind Platten in Grossformat ab 60 x 60 cm bis hin zu Megaformat 160 x 320 cm. F\u00fcr eine moderne Wand- und Bodengestaltung bieten wir Holzimitate aus Keramik in verschiedenen nat\u00fcrlichen Farben. Zu den aktuellen Trends geh\u00f6ren Platten mit individuellen Bildmotiven, Natursteinverblender sowie Glasmosaik f\u00fcr Badezimmer- und Wellnessoasen.<\/p>\t\t\t\t\t\t\t\t<\/div>\n\t\t\t\t<\/div>\n\t\t\t\t\t<\/div>\n\t\t<\/div>\n\t\t\t\t\t<\/div>\n\t\t<\/section>\n\t\t\t\t<section class=\"elementor-section elementor-top-section elementor-element elementor-element-824d08c elementor-section-boxed elementor-section-height-default elementor-section-height-default\" data-id=\"824d08c\" data-element_type=\"section\">\n\t\t\t\t\t\t<div class=\"elementor-container elementor-column-gap-default\">\n\t\t\t\t\t<div class=\"elementor-column elementor-col-100 elementor-top-column elementor-element elementor-element-a2b93f2\" data-id=\"a2b93f2\" data-element_type=\"column\">\n\t\t\t<div class=\"elementor-widget-wrap\">\n\t\t\t\t\t\t\t<\/div>\n\t\t<\/div>\n\t\t\t\t\t<\/div>\n\t\t<\/section>\n\t\t\t\t<section class=\"elementor-section elementor-top-section elementor-element elementor-element-a46c0e2 elementor-section-boxed elementor-section-height-default elementor-section-height-default\" data-id=\"a46c0e2\" data-element_type=\"section\">\n\t\t\t\t\t\t<div class=\"elementor-container elementor-column-gap-default\">\n\t\t\t\t\t<div class=\"elementor-column elementor-col-100 elementor-top-column elementor-element elementor-element-2cc67f8\" data-id=\"2cc67f8\" data-element_type=\"column\">\n\t\t\t<div class=\"elementor-widget-wrap elementor-element-populated\">\n\t\t\t\t\t\t<section class=\"elementor-section elementor-inner-section elementor-element elementor-element-10bd113 elementor-section-boxed elementor-section-height-default elementor-section-height-default\" data-id=\"10bd113\" data-element_type=\"section\">\n\t\t\t\t\t\t<div class=\"elementor-container elementor-column-gap-default\">\n\t\t\t\t\t<div class=\"elementor-column elementor-col-50 elementor-inner-column elementor-element elementor-element-3301093\" data-id=\"3301093\" data-element_type=\"column\">\n\t\t\t<div class=\"elementor-widget-wrap elementor-element-populated\">\n\t\t\t\t\t\t<div class=\"elementor-element elementor-element-06d40e5 elementor-widget elementor-widget-heading\" data-id=\"06d40e5\" data-element_type=\"widget\" data-widget_type=\"heading.default\">\n\t\t\t\t<div class=\"elementor-widget-container\">\n\t\t\t\t\t<h1 class=\"elementor-heading-title elementor-size-default\">Keramik<\/h1>\t\t\t\t<\/div>\n\t\t\t\t<\/div>\n\t\t\t\t<div class=\"elementor-element elementor-element-bcd0eb4 elementor-hidden-mobile elementor-widget elementor-widget-image\" data-id=\"bcd0eb4\" data-element_type=\"widget\" data-widget_type=\"image.default\">\n\t\t\t\t<div class=\"elementor-widget-container\">\n\t\t\t\t\t\t\t\t\t\t\t\t\t\t\t<img fetchpriority=\"high\" decoding=\"async\" width=\"799\" height=\"799\" src=\"https:\/\/keramik-allenbach.ch\/wp-content\/uploads\/2024\/02\/11580-14513515.jpg\" class=\"attachment-large size-large wp-image-2541\" alt=\"\" srcset=\"https:\/\/keramik-allenbach.ch\/wp-content\/uploads\/2024\/02\/11580-14513515.jpg 799w, https:\/\/keramik-allenbach.ch\/wp-content\/uploads\/2024\/02\/11580-14513515-300x300.jpg 300w, https:\/\/keramik-allenbach.ch\/wp-content\/uploads\/2024\/02\/11580-14513515-150x150.jpg 150w, https:\/\/keramik-allenbach.ch\/wp-content\/uploads\/2024\/02\/11580-14513515-768x768.jpg 768w\" sizes=\"(max-width: 799px) 100vw, 799px\" \/>\t\t\t\t\t\t\t\t\t\t\t\t\t\t\t<\/div>\n\t\t\t\t<\/div>\n\t\t\t\t\t<\/div>\n\t\t<\/div>\n\t\t\t\t<div class=\"elementor-column elementor-col-50 elementor-inner-column elementor-element elementor-element-bbedbd0\" data-id=\"bbedbd0\" data-element_type=\"column\">\n\t\t\t<div class=\"elementor-widget-wrap elementor-element-populated\">\n\t\t\t\t\t\t<div class=\"elementor-element elementor-element-c70a73b elementor-widget elementor-widget-spacer\" data-id=\"c70a73b\" data-element_type=\"widget\" data-widget_type=\"spacer.default\">\n\t\t\t\t<div class=\"elementor-widget-container\">\n\t\t\t\t\t\t\t<div class=\"elementor-spacer\">\n\t\t\t<div class=\"elementor-spacer-inner\"><\/div>\n\t\t<\/div>\n\t\t\t\t\t\t<\/div>\n\t\t\t\t<\/div>\n\t\t\t\t<div class=\"elementor-element elementor-element-1b823d2 elementor-widget elementor-widget-text-editor\" data-id=\"1b823d2\" data-element_type=\"widget\" data-widget_type=\"text-editor.default\">\n\t\t\t\t<div class=\"elementor-widget-container\">\n\t\t\t\t\t\t\t\t\t<p>Keramische Fl\u00e4chen sind sehr \u00f6kologisch und umweltfreundlich. Aufgrund der Haltbarkeit und der damit verbundenen Langlebigkeit von Keramikplatten ist ein solcher Belag \u00fcber eine l\u00e4ngere Nutzungszeit enorm preiswert. Keramische Platten haben eine dichte und oft glatte Oberfl\u00e4che, was die Chance auf Viren und Krankheitskeime extrem minimiert. Ebenfalls sind keramische Platten vielseitig einsetzbar und in verschiedenen Farben, Muster, Formaten erh\u00e4ltlich.<\/p><p>Einsatzorte: Badezimmer, Dusche, WC, Treppen innen und aussen, Wohnbereich, K\u00fcche, Korridor, Zimmer, Balkon, Terrasse, B\u00fcro, Keller, Waschk\u00fcche, Technikraum, Schwimmbad<\/p><p><strong>Vorteile von keramischen Platten:<\/strong><\/p><ul><li><strong>strapazierf\u00e4hig<\/strong><\/li><li><strong>w\u00e4rmeleitend<\/strong><\/li><li><strong>in hohem Mass kratz- und ritzfest<\/strong><\/li><li><strong>farb- und lichtecht<\/strong><\/li><li><strong>pflegeleicht<\/strong><\/li><li><strong>\u00e4usserst dekorativ und wohnlich<\/strong><\/li><\/ul>\t\t\t\t\t\t\t\t<\/div>\n\t\t\t\t<\/div>\n\t\t\t\t\t<\/div>\n\t\t<\/div>\n\t\t\t\t\t<\/div>\n\t\t<\/section>\n\t\t\t\t<section class=\"elementor-section elementor-inner-section elementor-element elementor-element-99f9844 elementor-section-boxed elementor-section-height-default elementor-section-height-default\" data-id=\"99f9844\" data-element_type=\"section\">\n\t\t\t\t\t\t<div class=\"elementor-container elementor-column-gap-default\">\n\t\t\t\t\t<div class=\"elementor-column elementor-col-50 elementor-inner-column elementor-element elementor-element-0be3bb2\" data-id=\"0be3bb2\" data-element_type=\"column\">\n\t\t\t<div class=\"elementor-widget-wrap elementor-element-populated\">\n\t\t\t\t\t\t<div class=\"elementor-element elementor-element-4fcd5bb elementor-widget elementor-widget-heading\" data-id=\"4fcd5bb\" data-element_type=\"widget\" data-widget_type=\"heading.default\">\n\t\t\t\t<div class=\"elementor-widget-container\">\n\t\t\t\t\t<h2 class=\"elementor-heading-title elementor-size-default\">Natur- und Kunststeine<\/h2>\t\t\t\t<\/div>\n\t\t\t\t<\/div>\n\t\t\t\t<div class=\"elementor-element elementor-element-d0379ff elementor-hidden-mobile elementor-widget elementor-widget-image\" data-id=\"d0379ff\" data-element_type=\"widget\" data-widget_type=\"image.default\">\n\t\t\t\t<div class=\"elementor-widget-container\">\n\t\t\t\t\t\t\t\t\t\t\t\t\t\t\t<img decoding=\"async\" width=\"746\" height=\"746\" src=\"https:\/\/keramik-allenbach.ch\/wp-content\/uploads\/2024\/02\/3686-14079541.jpg\" class=\"attachment-medium_large size-medium_large wp-image-2447\" alt=\"\" srcset=\"https:\/\/keramik-allenbach.ch\/wp-content\/uploads\/2024\/02\/3686-14079541.jpg 746w, https:\/\/keramik-allenbach.ch\/wp-content\/uploads\/2024\/02\/3686-14079541-300x300.jpg 300w, https:\/\/keramik-allenbach.ch\/wp-content\/uploads\/2024\/02\/3686-14079541-150x150.jpg 150w\" sizes=\"(max-width: 746px) 100vw, 746px\" \/>\t\t\t\t\t\t\t\t\t\t\t\t\t\t\t<\/div>\n\t\t\t\t<\/div>\n\t\t\t\t\t<\/div>\n\t\t<\/div>\n\t\t\t\t<div class=\"elementor-column elementor-col-50 elementor-inner-column elementor-element elementor-element-72b1d4c\" data-id=\"72b1d4c\" data-element_type=\"column\">\n\t\t\t<div class=\"elementor-widget-wrap elementor-element-populated\">\n\t\t\t\t\t\t<div class=\"elementor-element elementor-element-645ca26 elementor-widget elementor-widget-spacer\" data-id=\"645ca26\" data-element_type=\"widget\" data-widget_type=\"spacer.default\">\n\t\t\t\t<div class=\"elementor-widget-container\">\n\t\t\t\t\t\t\t<div class=\"elementor-spacer\">\n\t\t\t<div class=\"elementor-spacer-inner\"><\/div>\n\t\t<\/div>\n\t\t\t\t\t\t<\/div>\n\t\t\t\t<\/div>\n\t\t\t\t<div class=\"elementor-element elementor-element-5e7bc03 elementor-widget elementor-widget-text-editor\" data-id=\"5e7bc03\" data-element_type=\"widget\" data-widget_type=\"text-editor.default\">\n\t\t\t\t<div class=\"elementor-widget-container\">\n\t\t\t\t\t\t\t\t\t<p>F\u00fcr die Verlegung von Natursteinen werden diese aus Steinbr\u00fcchen herausgearbeitet und anschliessend durch verschiedene Arbeitsg\u00e4nge wie fr\u00e4sen und zuschneiden zu einem verlegbaren Naturstein eingesetzt.<\/p><p><strong>Vorteile von Naturstein:<\/strong><\/p><ul><li><strong>einzigartig<\/strong><\/li><li><strong>vielseitig einsetzbar<\/strong><\/li><li><strong>langlebig<\/strong><\/li><li><strong>flexible Bearbeitung des Materials<\/strong><\/li><li><strong>recyclebar<\/strong><\/li><li><strong>ressourcensparend<\/strong><\/li><\/ul><p><br \/>Kunststeine werden als\u00a0mineralisch-,\u00a0zement- oder\u00a0harzgebundene\u00a0Werkstoffe bezeichnet, die mit\u00a0Zuschl\u00e4gen\u00a0von\u00a0Kies,\u00a0Sand\u00a0und\u00a0Gesteinsmehl\u00a0hergestellt werden. Kunststeine sind \u00e4usserst robust und eignen sich beispielsweise hervorragend f\u00fcr Treppenh\u00e4user. Verwendet werden Kunststeine unter anderem f\u00fcr Fensterb\u00e4nke, Treppen und Bodenbel\u00e4ge sowie Wandfliesen und Bodenfliesen im Bauwesen.<\/p><p><strong>Vorteile von Kunststein:<\/strong><\/p><ul><li><strong>leichte Bearbeitungsm\u00f6glichkeiten<\/strong><\/li><li><strong>hohe Schlagresistenz<\/strong><\/li><li><strong>Best\u00e4ndigkeit gegen\u00fcber Chemikalien, Wasser und UV-Licht<\/strong><\/li><li><strong>hygienisch<\/strong><\/li><\/ul>\t\t\t\t\t\t\t\t<\/div>\n\t\t\t\t<\/div>\n\t\t\t\t\t<\/div>\n\t\t<\/div>\n\t\t\t\t\t<\/div>\n\t\t<\/section>\n\t\t\t\t<section class=\"elementor-section elementor-inner-section elementor-element elementor-element-1184dfb elementor-section-boxed elementor-section-height-default elementor-section-height-default\" data-id=\"1184dfb\" data-element_type=\"section\">\n\t\t\t\t\t\t<div class=\"elementor-container elementor-column-gap-default\">\n\t\t\t\t\t<div class=\"elementor-column elementor-col-50 elementor-inner-column elementor-element elementor-element-e953fca\" data-id=\"e953fca\" data-element_type=\"column\">\n\t\t\t<div class=\"elementor-widget-wrap elementor-element-populated\">\n\t\t\t\t\t\t<div class=\"elementor-element elementor-element-d4b8c32 elementor-widget elementor-widget-heading\" data-id=\"d4b8c32\" data-element_type=\"widget\" data-widget_type=\"heading.default\">\n\t\t\t\t<div class=\"elementor-widget-container\">\n\t\t\t\t\t<h3 class=\"elementor-heading-title elementor-size-default\">Mosaik<\/h3>\t\t\t\t<\/div>\n\t\t\t\t<\/div>\n\t\t\t\t<div class=\"elementor-element elementor-element-695cadd elementor-hidden-mobile elementor-widget elementor-widget-image\" data-id=\"695cadd\" data-element_type=\"widget\" data-widget_type=\"image.default\">\n\t\t\t\t<div class=\"elementor-widget-container\">\n\t\t\t\t\t\t\t\t\t\t\t\t\t\t\t<img decoding=\"async\" width=\"600\" height=\"600\" src=\"https:\/\/keramik-allenbach.ch\/wp-content\/uploads\/2024\/02\/11007-18191121.jpg\" class=\"attachment-large size-large wp-image-2448\" alt=\"\" srcset=\"https:\/\/keramik-allenbach.ch\/wp-content\/uploads\/2024\/02\/11007-18191121.jpg 600w, https:\/\/keramik-allenbach.ch\/wp-content\/uploads\/2024\/02\/11007-18191121-300x300.jpg 300w, https:\/\/keramik-allenbach.ch\/wp-content\/uploads\/2024\/02\/11007-18191121-150x150.jpg 150w\" sizes=\"(max-width: 600px) 100vw, 600px\" \/>\t\t\t\t\t\t\t\t\t\t\t\t\t\t\t<\/div>\n\t\t\t\t<\/div>\n\t\t\t\t\t<\/div>\n\t\t<\/div>\n\t\t\t\t<div class=\"elementor-column elementor-col-50 elementor-inner-column elementor-element elementor-element-57a014b\" data-id=\"57a014b\" data-element_type=\"column\">\n\t\t\t<div class=\"elementor-widget-wrap elementor-element-populated\">\n\t\t\t\t\t\t<div class=\"elementor-element elementor-element-53dcb21 elementor-widget elementor-widget-spacer\" data-id=\"53dcb21\" data-element_type=\"widget\" data-widget_type=\"spacer.default\">\n\t\t\t\t<div class=\"elementor-widget-container\">\n\t\t\t\t\t\t\t<div class=\"elementor-spacer\">\n\t\t\t<div class=\"elementor-spacer-inner\"><\/div>\n\t\t<\/div>\n\t\t\t\t\t\t<\/div>\n\t\t\t\t<\/div>\n\t\t\t\t<div class=\"elementor-element elementor-element-6b0e83d elementor-widget elementor-widget-text-editor\" data-id=\"6b0e83d\" data-element_type=\"widget\" data-widget_type=\"text-editor.default\">\n\t\t\t\t<div class=\"elementor-widget-container\">\n\t\t\t\t\t\t\t\t\t<p>Mosaik ist eine ideale L\u00f6sung f\u00fcr begehbare Nassbereiche, weil es sich durch die Verklebung auf Glasfasergewebe problemlos an jegliche Gef\u00e4lle- und Ablaufsituationen angleichen l\u00e4sst und aufgrund des hohen Fugenanteils die ideale Trittsicherheit bietet. Mosaik dient zum Einkleiden von W\u00f6lbungen, Rundungen, S\u00e4ulen und Wellnesssitzen. Mosaike sind aufgrund ihrer unterschiedlichen Materialien in Wand- und Bodenbereichen in Schwimmb\u00e4der sehr beliebt.<\/p><p><strong>Vorteile von Mosaik:<\/strong><\/p><ul><li><strong>grosse Auswahl diverser Materialien<\/strong><\/li><li><strong>stilvolle Akzente<\/strong><\/li><li><strong>flexibel einsetzbar<\/strong><\/li><li><strong>langlebig<\/strong><\/li><\/ul>\t\t\t\t\t\t\t\t<\/div>\n\t\t\t\t<\/div>\n\t\t\t\t\t<\/div>\n\t\t<\/div>\n\t\t\t\t\t<\/div>\n\t\t<\/section>\n\t\t\t\t<section class=\"elementor-section elementor-inner-section elementor-element elementor-element-df4f975 elementor-section-boxed elementor-section-height-default elementor-section-height-default\" data-id=\"df4f975\" data-element_type=\"section\">\n\t\t\t\t\t\t<div class=\"elementor-container elementor-column-gap-default\">\n\t\t\t\t\t<div class=\"elementor-column elementor-col-50 elementor-inner-column elementor-element elementor-element-5c9297e\" data-id=\"5c9297e\" data-element_type=\"column\">\n\t\t\t<div class=\"elementor-widget-wrap elementor-element-populated\">\n\t\t\t\t\t\t<div class=\"elementor-element elementor-element-41200e7 elementor-widget elementor-widget-heading\" data-id=\"41200e7\" data-element_type=\"widget\" data-widget_type=\"heading.default\">\n\t\t\t\t<div class=\"elementor-widget-container\">\n\t\t\t\t\t<h1 class=\"elementor-heading-title elementor-size-default\"><a href=\"https:\/\/www.stadler-ag.ch\/%C3%B6fen-chemin%C3%A9es\">\u00d6fen und Chemin\u00e9es<\/a><\/h1>\t\t\t\t<\/div>\n\t\t\t\t<\/div>\n\t\t\t\t<div class=\"elementor-element elementor-element-b728646 elementor-hidden-mobile elementor-widget elementor-widget-image\" data-id=\"b728646\" data-element_type=\"widget\" data-widget_type=\"image.default\">\n\t\t\t\t<div class=\"elementor-widget-container\">\n\t\t\t\t\t\t\t\t\t\t\t\t\t\t\t<img loading=\"lazy\" decoding=\"async\" width=\"646\" height=\"431\" src=\"https:\/\/keramik-allenbach.ch\/wp-content\/uploads\/2024\/02\/stadler-ofen.jpg\" class=\"attachment-large size-large wp-image-2449\" alt=\"\" srcset=\"https:\/\/keramik-allenbach.ch\/wp-content\/uploads\/2024\/02\/stadler-ofen.jpg 646w, https:\/\/keramik-allenbach.ch\/wp-content\/uploads\/2024\/02\/stadler-ofen-300x200.jpg 300w\" sizes=\"(max-width: 646px) 100vw, 646px\" \/>\t\t\t\t\t\t\t\t\t\t\t\t\t\t\t<\/div>\n\t\t\t\t<\/div>\n\t\t\t\t\t<\/div>\n\t\t<\/div>\n\t\t\t\t<div class=\"elementor-column elementor-col-50 elementor-inner-column elementor-element elementor-element-cf79dc4\" data-id=\"cf79dc4\" data-element_type=\"column\">\n\t\t\t<div class=\"elementor-widget-wrap elementor-element-populated\">\n\t\t\t\t\t\t<div class=\"elementor-element elementor-element-2fe932a elementor-widget elementor-widget-spacer\" data-id=\"2fe932a\" data-element_type=\"widget\" data-widget_type=\"spacer.default\">\n\t\t\t\t<div class=\"elementor-widget-container\">\n\t\t\t\t\t\t\t<div class=\"elementor-spacer\">\n\t\t\t<div class=\"elementor-spacer-inner\"><\/div>\n\t\t<\/div>\n\t\t\t\t\t\t<\/div>\n\t\t\t\t<\/div>\n\t\t\t\t<div class=\"elementor-element elementor-element-2c7a854 elementor-widget elementor-widget-text-editor\" data-id=\"2c7a854\" data-element_type=\"widget\" data-widget_type=\"text-editor.default\">\n\t\t\t\t<div class=\"elementor-widget-container\">\n\t\t\t\t\t\t\t\t\t<p>Unser Partner die Stadler AG bietet erfolgreiche L\u00f6sungen in den Bereichen \u00d6fen und Heizungen, Chemin\u00e9es, Herde, Aussen-Feuerstellen sowie Sanierungen und Restaurationen antiker \u00d6fen unter Denkmalschutz an. Ihr Ziel ist es, den Charme der guten Stube in Ihr Wohnzimmer zu bringen und gleichzeitig f\u00fcr energiesparendes und umweltbewusstes Heizen zu garantieren.<\/p><p><strong>Vorteile von \u00d6fen und Heizungen:<\/strong><\/p><ul><li><div data-hook=\"bgLayers\"><div><strong><span style=\"background-color: transparent; color: var( --e-global-color-text );\">Energie- und umweltbewusstes Heizen<\/span><\/strong><\/div><\/div><\/li><li><div><strong><span style=\"background-color: transparent; color: var( --e-global-color-text );\">hohe Heizleistung<\/span><\/strong><\/div><\/li><li><div><strong><span style=\"background-color: transparent; color: var( --e-global-color-text );\">saubere Verbrennung<\/span><\/strong><\/div><\/li><\/ul><div><b>\u00a0<\/b><\/div><div><p><b>Vorteile von Speicher Chemin\u00e9es:<\/b><\/p><ul><li><b>angenehmer W\u00e4rmestrahlung<\/b><\/li><li><b>Heizen mit energieeffizienten und umweltfreundlichen Methoden<\/b><\/li><\/ul><div><b>\u00a0<\/b><\/div><div><strong><a href=\"https:\/\/www.stadler-ag.ch\/%C3%B6fen-chemin%C3%A9es\">https:\/\/www.stadler-ag.ch<\/a><\/strong><\/div><\/div>\t\t\t\t\t\t\t\t<\/div>\n\t\t\t\t<\/div>\n\t\t\t\t\t<\/div>\n\t\t<\/div>\n\t\t\t\t\t<\/div>\n\t\t<\/section>\n\t\t\t\t<section class=\"elementor-section elementor-inner-section elementor-element elementor-element-3b21465 elementor-section-boxed elementor-section-height-default elementor-section-height-default\" data-id=\"3b21465\" data-element_type=\"section\">\n\t\t\t\t\t\t<div class=\"elementor-container elementor-column-gap-default\">\n\t\t\t\t\t<div class=\"elementor-column elementor-col-100 elementor-inner-column elementor-element elementor-element-7c0772c\" data-id=\"7c0772c\" data-element_type=\"column\">\n\t\t\t<div class=\"elementor-widget-wrap elementor-element-populated\">\n\t\t\t\t\t\t<div class=\"elementor-element elementor-element-f9f0e2a elementor-widget elementor-widget-spacer\" data-id=\"f9f0e2a\" data-element_type=\"widget\" data-widget_type=\"spacer.default\">\n\t\t\t\t<div class=\"elementor-widget-container\">\n\t\t\t\t\t\t\t<div class=\"elementor-spacer\">\n\t\t\t<div class=\"elementor-spacer-inner\"><\/div>\n\t\t<\/div>\n\t\t\t\t\t\t<\/div>\n\t\t\t\t<\/div>\n\t\t\t\t<div class=\"elementor-element elementor-element-3a334b4 elementor-widget elementor-widget-heading\" data-id=\"3a334b4\" data-element_type=\"widget\" data-widget_type=\"heading.default\">\n\t\t\t\t<div class=\"elementor-widget-container\">\n\t\t\t\t\t<h3 class=\"elementor-heading-title elementor-size-default\">Pflegeanleitung f\u00fcr keramische Wand-und Bodenbel\u00e4ge<\/h3>\t\t\t\t<\/div>\n\t\t\t\t<\/div>\n\t\t\t\t<div class=\"elementor-element elementor-element-851d91d elementor-widget elementor-widget-text-editor\" data-id=\"851d91d\" data-element_type=\"widget\" data-widget_type=\"text-editor.default\">\n\t\t\t\t<div class=\"elementor-widget-container\">\n\t\t\t\t\t\t\t\t\t<p style=\"text-align: center;\"><a href=\"https:\/\/keramik-allenbach.ch\/wp-content\/uploads\/2024\/12\/Pflege-von-keramischen-Wand-und-Bodenbelaegen-2024.pdf\" target=\"_blank\" rel=\"noopener\">Pflege von keramischen Wand-und Bodenbel\u00e4gen.pdf<\/a><\/p>\t\t\t\t\t\t\t\t<\/div>\n\t\t\t\t<\/div>\n\t\t\t\t\t<\/div>\n\t\t<\/div>\n\t\t\t\t\t<\/div>\n\t\t<\/section>\n\t\t\t\t\t<\/div>\n\t\t<\/div>\n\t\t\t\t\t<\/div>\n\t\t<\/section>\n\t\t\t\t<\/div>\n\t\t","protected":false},"excerpt":{"rendered":"<p>Leistungen und Trends In unserer Ausstellung in H\u00fcnibach bieten wir Ihnen von A bis Z alles in Bezug auf Ihre W\u00fcnsche und Bed\u00fcrfnisse f\u00fcr Wand- und Bodenbel\u00e4ge in Keramik, Natur- und\/oder Kunststeine, Mosaik, Feinsteinzeug und viele weitere Trends. Spezialbel\u00e4ge Eine Besonderheit der Keramik Allenbach AG sind Platten in Grossformat ab 60 x 60 cm bis [&hellip;]<\/p>\n","protected":false},"author":1,"featured_media":0,"parent":0,"menu_order":0,"comment_status":"closed","ping_status":"closed","template":"elementor_header_footer","meta":{"footnotes":""},"class_list":["post-16","page","type-page","status-publish","hentry"],"_links":{"self":[{"href":"https:\/\/keramik-allenbach.ch\/index.php\/wp-json\/wp\/v2\/pages\/16","targetHints":{"allow":["GET"]}}],"collection":[{"href":"https:\/\/keramik-allenbach.ch\/index.php\/wp-json\/wp\/v2\/pages"}],"about":[{"href":"https:\/\/keramik-allenbach.ch\/index.php\/wp-json\/wp\/v2\/types\/page"}],"author":[{"embeddable":true,"href":"https:\/\/keramik-allenbach.ch\/index.php\/wp-json\/wp\/v2\/users\/1"}],"replies":[{"embeddable":true,"href":"https:\/\/keramik-allenbach.ch\/index.php\/wp-json\/wp\/v2\/comments?post=16"}],"version-history":[{"count":130,"href":"https:\/\/keramik-allenbach.ch\/index.php\/wp-json\/wp\/v2\/pages\/16\/revisions"}],"predecessor-version":[{"id":3624,"href":"https:\/\/keramik-allenbach.ch\/index.php\/wp-json\/wp\/v2\/pages\/16\/revisions\/3624"}],"wp:attachment":[{"href":"https:\/\/keramik-allenbach.ch\/index.php\/wp-json\/wp\/v2\/media?parent=16"}],"curies":[{"name":"wp","href":"https:\/\/api.w.org\/{rel}","templated":true}]}}