{"id":3124,"date":"2024-04-23T09:19:24","date_gmt":"2024-04-23T09:19:24","guid":{"rendered":"https:\/\/keramik-allenbach.ch\/?page_id=3124"},"modified":"2024-12-03T09:15:11","modified_gmt":"2024-12-03T09:15:11","slug":"lehrstellen","status":"publish","type":"page","link":"https:\/\/keramik-allenbach.ch\/index.php\/lehrstellen\/","title":{"rendered":""},"content":{"rendered":"\t\t<div data-elementor-type=\"wp-page\" data-elementor-id=\"3124\" class=\"elementor elementor-3124\" data-elementor-post-type=\"page\">\n\t\t\t\t\t\t<section class=\"elementor-section elementor-top-section elementor-element elementor-element-5d16558 elementor-section-boxed elementor-section-height-default elementor-section-height-default\" data-id=\"5d16558\" data-element_type=\"section\">\n\t\t\t\t\t\t<div class=\"elementor-container elementor-column-gap-default\">\n\t\t\t\t\t<div class=\"elementor-column elementor-col-100 elementor-top-column elementor-element elementor-element-5929a52\" data-id=\"5929a52\" data-element_type=\"column\">\n\t\t\t<div class=\"elementor-widget-wrap elementor-element-populated\">\n\t\t\t\t\t\t<div class=\"elementor-element elementor-element-bf825b7 elementor-widget elementor-widget-heading\" data-id=\"bf825b7\" data-element_type=\"widget\" data-widget_type=\"heading.default\">\n\t\t\t\t<div class=\"elementor-widget-container\">\n\t\t\t\t\t<h2 class=\"elementor-heading-title elementor-size-default\">Alles \u00fcber den Beruf Plattenleger<\/h2>\t\t\t\t<\/div>\n\t\t\t\t<\/div>\n\t\t\t\t<div class=\"elementor-element elementor-element-c2b5a47 elementor-widget elementor-widget-text-editor\" data-id=\"c2b5a47\" data-element_type=\"widget\" data-widget_type=\"text-editor.default\">\n\t\t\t\t<div class=\"elementor-widget-container\">\n\t\t\t\t\t\t\t\t\t<p>Hier findest du hilfreiche Informationen rund um die Berufswahl Plattenleger \u2013 was du wissen solltest und warum es eine spannende Wahl ist!<\/p>\t\t\t\t\t\t\t\t<\/div>\n\t\t\t\t<\/div>\n\t\t\t\t\t<\/div>\n\t\t<\/div>\n\t\t\t\t\t<\/div>\n\t\t<\/section>\n\t\t\t\t<section class=\"elementor-section elementor-top-section elementor-element elementor-element-e651c8c elementor-section-boxed elementor-section-height-default elementor-section-height-default\" data-id=\"e651c8c\" data-element_type=\"section\">\n\t\t\t\t\t\t<div class=\"elementor-container elementor-column-gap-default\">\n\t\t\t\t\t<div class=\"elementor-column elementor-col-100 elementor-top-column elementor-element elementor-element-560014e\" data-id=\"560014e\" data-element_type=\"column\">\n\t\t\t<div class=\"elementor-widget-wrap elementor-element-populated\">\n\t\t\t\t\t\t<div class=\"elementor-element elementor-element-d370c03 elementor-tabs-view-horizontal elementor-widget elementor-widget-tabs\" data-id=\"d370c03\" data-element_type=\"widget\" data-widget_type=\"tabs.default\">\n\t\t\t\t<div class=\"elementor-widget-container\">\n\t\t\t\t\t\t\t<div class=\"elementor-tabs\">\n\t\t\t<div class=\"elementor-tabs-wrapper\" role=\"tablist\" >\n\t\t\t\t\t\t\t\t\t<div id=\"elementor-tab-title-2211\" class=\"elementor-tab-title elementor-tab-desktop-title\" aria-selected=\"true\" data-tab=\"1\" role=\"tab\" tabindex=\"0\" aria-controls=\"elementor-tab-content-2211\" aria-expanded=\"false\">T\u00e4tigkeiten<\/div>\n\t\t\t\t\t\t\t\t\t<div id=\"elementor-tab-title-2212\" class=\"elementor-tab-title elementor-tab-desktop-title\" aria-selected=\"false\" data-tab=\"2\" role=\"tab\" tabindex=\"-1\" aria-controls=\"elementor-tab-content-2212\" aria-expanded=\"false\">Ausbildung<\/div>\n\t\t\t\t\t\t\t\t\t<div id=\"elementor-tab-title-2213\" class=\"elementor-tab-title elementor-tab-desktop-title\" aria-selected=\"false\" data-tab=\"3\" role=\"tab\" tabindex=\"-1\" aria-controls=\"elementor-tab-content-2213\" aria-expanded=\"false\">Voraussetzungen<\/div>\n\t\t\t\t\t\t\t\t\t<div id=\"elementor-tab-title-2214\" class=\"elementor-tab-title elementor-tab-desktop-title\" aria-selected=\"false\" data-tab=\"4\" role=\"tab\" tabindex=\"-1\" aria-controls=\"elementor-tab-content-2214\" aria-expanded=\"false\">1. - 3. Lehrjahr<\/div>\n\t\t\t\t\t\t\t<\/div>\n\t\t\t<div class=\"elementor-tabs-content-wrapper\" role=\"tablist\" aria-orientation=\"vertical\">\n\t\t\t\t\t\t\t\t\t<div class=\"elementor-tab-title elementor-tab-mobile-title\" aria-selected=\"true\" data-tab=\"1\" role=\"tab\" tabindex=\"0\" aria-controls=\"elementor-tab-content-2211\" aria-expanded=\"false\">T\u00e4tigkeiten<\/div>\n\t\t\t\t\t<div id=\"elementor-tab-content-2211\" class=\"elementor-tab-content elementor-clearfix\" data-tab=\"1\" role=\"tabpanel\" aria-labelledby=\"elementor-tab-title-2211\" tabindex=\"0\" hidden=\"false\"><p>Plattenleger und Plattenlegerinnen versehen B\u00f6den und W\u00e4nde im Innen- und Aussenbereich mit den unterschiedlichsten keramischen Bel\u00e4gen. Sie verarbeiten neben den keramischen Platten ebenfalls Natursteinplatten, Kunststeinplatten, Grossfl\u00e4chenkeramiken und Mosaikplatten. Sie erstellen anspruchsvolle konstruktive Aufbauten und Abdichtungen.<\/p><p>Der Beruf des Plattenlegers ist abwechslungsreich: Pr\u00e4zise, herausfordernd und einzigartig kreativ!<\/p><\/div>\n\t\t\t\t\t\t\t\t\t<div class=\"elementor-tab-title elementor-tab-mobile-title\" aria-selected=\"false\" data-tab=\"2\" role=\"tab\" tabindex=\"-1\" aria-controls=\"elementor-tab-content-2212\" aria-expanded=\"false\">Ausbildung<\/div>\n\t\t\t\t\t<div id=\"elementor-tab-content-2212\" class=\"elementor-tab-content elementor-clearfix\" data-tab=\"2\" role=\"tabpanel\" aria-labelledby=\"elementor-tab-title-2212\" tabindex=\"0\" hidden=\"hidden\"><ul><li>Grundlage<br \/>Eidg. Verordnung vom 28.9.2010<\/li><\/ul><ul><li>Dauer<br \/>3 Jahre<\/li><\/ul><ul><li>Bildung in beruflicher Praxis<br \/>In einem Plattenlegerbetrieb<\/li><\/ul><ul><li>Schulische Bildung<br \/>1 Tag pro Woche an der Berufsfachschule<\/li><\/ul><ul><li>Berufsbezogene F\u00e4cher<br \/>&#8211; Plattenarbeiten<br \/>&#8211; Kundenberatung und Administration<br \/>&#8211; Arbeitssicherheit, Gesundheitsschutz und Umweltschutz<br \/>&#8211; Servicearbeiten<\/li><\/ul><ul><li>\u00dcberbetriebliche Kurse<br \/>Zu verschiedenen Themen<\/li><\/ul><ul><li>Abschluss<br \/>Eidg. F\u00e4higkeitszeugnis Plattenleger\/in EFZ<\/li><\/ul><\/div>\n\t\t\t\t\t\t\t\t\t<div class=\"elementor-tab-title elementor-tab-mobile-title\" aria-selected=\"false\" data-tab=\"3\" role=\"tab\" tabindex=\"-1\" aria-controls=\"elementor-tab-content-2213\" aria-expanded=\"false\">Voraussetzungen<\/div>\n\t\t\t\t\t<div id=\"elementor-tab-content-2213\" class=\"elementor-tab-content elementor-clearfix\" data-tab=\"3\" role=\"tabpanel\" aria-labelledby=\"elementor-tab-title-2213\" tabindex=\"0\" hidden=\"hidden\"><ul><li>Grundbildung<br \/>obligatorische Schule abgeschlossen<\/li><\/ul><ul><li>Anforderungen<br \/>&#8211; handwerkliches Geschick<br \/>&#8211; Flair f\u00fcr geometrische Formen<br \/>&#8211; exakte Arbeitsweise<br \/>&#8211; Sinn f\u00fcr Formen und Farben<\/li><\/ul><\/div>\n\t\t\t\t\t\t\t\t\t<div class=\"elementor-tab-title elementor-tab-mobile-title\" aria-selected=\"false\" data-tab=\"4\" role=\"tab\" tabindex=\"-1\" aria-controls=\"elementor-tab-content-2214\" aria-expanded=\"false\">1. - 3. Lehrjahr<\/div>\n\t\t\t\t\t<div id=\"elementor-tab-content-2214\" class=\"elementor-tab-content elementor-clearfix\" data-tab=\"4\" role=\"tabpanel\" aria-labelledby=\"elementor-tab-title-2214\" tabindex=\"0\" hidden=\"hidden\"><div class=\"text-section text-section--p text-section--norm\"><p class=\"norm\"><strong>Das wirst du lernen<\/strong><\/p><\/div><div class=\"text-section text-section--p text-section--norm\"><p class=\"norm\">In der 3-j\u00e4hrigen dualen Ausbildung (Berufsfachschule und Ausbildungsbetrieb) dreht sich alles um das Thema Keramik: Von Grossformatplatten 1 x 3 Meter bis hin zu Mosaik 2 x 2 Zentimeter gibt es eine form- und farbenfrohe Welt zu entdecken. In den Fachbereichen Wohnungsumbau, Neubau, Terrassen, Schwimmb\u00e4der und Treppen wirst du optimal auf den Beruf Plattenleger vorbereitet.<\/p><\/div><div class=\"text-section text-section--p text-section--norm\"><p><strong>1. Lehrjahr:<\/strong> Nach dem Start im Betrieb und Berufsfachschule folgt ein zweiw\u00f6chiger Kurs in Dagmersellen. Dabei wird die berufliche Praxis mit dem Lerninhalt verkn\u00fcpft und das handwerkliche Geschick geschult.\u00a0<\/p><\/div><div class=\"text-section text-section--p text-section--norm\"><p class=\"norm\"><strong>2. Lehrjahr:<\/strong> Hier lernst du unter Aufsicht das selbst\u00e4ndige Vorbereiten und Abdichten der Untergr\u00fcnde sowie das Verlegen und Ausfugen von Keramikplatten.<\/p><\/div><div class=\"text-section text-section--p text-section--norm\"><p class=\"norm\"><strong>3. Lehrjahr:<\/strong>\u00a0Du f\u00fchrst selbst\u00e4ndig interessante und spannende Objekte aus, und wirst optimal auf die Lehrabschlusspr\u00fcfung vorbereitet.<\/p><\/div><\/div>\n\t\t\t\t\t\t\t<\/div>\n\t\t<\/div>\n\t\t\t\t\t\t<\/div>\n\t\t\t\t<\/div>\n\t\t\t\t\t<\/div>\n\t\t<\/div>\n\t\t\t\t\t<\/div>\n\t\t<\/section>\n\t\t\t\t<section class=\"elementor-section elementor-top-section elementor-element elementor-element-8a476c2 elementor-section-boxed elementor-section-height-default elementor-section-height-default\" data-id=\"8a476c2\" data-element_type=\"section\">\n\t\t\t\t\t\t<div class=\"elementor-container elementor-column-gap-default\">\n\t\t\t\t\t<div class=\"elementor-column elementor-col-100 elementor-top-column elementor-element elementor-element-1367cba\" data-id=\"1367cba\" data-element_type=\"column\">\n\t\t\t<div class=\"elementor-widget-wrap elementor-element-populated\">\n\t\t\t\t\t\t<div class=\"elementor-element elementor-element-d455729 elementor-widget elementor-widget-spacer\" data-id=\"d455729\" data-element_type=\"widget\" data-widget_type=\"spacer.default\">\n\t\t\t\t<div class=\"elementor-widget-container\">\n\t\t\t\t\t\t\t<div class=\"elementor-spacer\">\n\t\t\t<div class=\"elementor-spacer-inner\"><\/div>\n\t\t<\/div>\n\t\t\t\t\t\t<\/div>\n\t\t\t\t<\/div>\n\t\t\t\t<div class=\"elementor-element elementor-element-fa37fe7 elementor-widget-divider--view-line elementor-widget elementor-widget-divider\" data-id=\"fa37fe7\" data-element_type=\"widget\" data-widget_type=\"divider.default\">\n\t\t\t\t<div class=\"elementor-widget-container\">\n\t\t\t\t\t\t\t<div class=\"elementor-divider\">\n\t\t\t<span class=\"elementor-divider-separator\">\n\t\t\t\t\t\t<\/span>\n\t\t<\/div>\n\t\t\t\t\t\t<\/div>\n\t\t\t\t<\/div>\n\t\t\t\t\t<\/div>\n\t\t<\/div>\n\t\t\t\t\t<\/div>\n\t\t<\/section>\n\t\t\t\t<section class=\"elementor-section elementor-top-section elementor-element elementor-element-1f024fc elementor-section-boxed elementor-section-height-default elementor-section-height-default\" data-id=\"1f024fc\" data-element_type=\"section\">\n\t\t\t\t\t\t<div class=\"elementor-container elementor-column-gap-default\">\n\t\t\t\t\t<div class=\"elementor-column elementor-col-33 elementor-top-column elementor-element elementor-element-3929d1d\" data-id=\"3929d1d\" data-element_type=\"column\">\n\t\t\t<div class=\"elementor-widget-wrap elementor-element-populated\">\n\t\t\t\t\t\t<div class=\"elementor-element elementor-element-f853c7b elementor-widget elementor-widget-image\" data-id=\"f853c7b\" data-element_type=\"widget\" data-widget_type=\"image.default\">\n\t\t\t\t<div class=\"elementor-widget-container\">\n\t\t\t\t\t\t\t\t\t\t\t\t\t\t\t<img decoding=\"async\" width=\"300\" height=\"72\" src=\"https:\/\/keramik-allenbach.ch\/wp-content\/uploads\/2021\/08\/Logo-300x72.png\" class=\"attachment-medium size-medium wp-image-303\" alt=\"\" srcset=\"https:\/\/keramik-allenbach.ch\/wp-content\/uploads\/2021\/08\/Logo-300x72.png 300w, https:\/\/keramik-allenbach.ch\/wp-content\/uploads\/2021\/08\/Logo-1024x247.png 1024w, https:\/\/keramik-allenbach.ch\/wp-content\/uploads\/2021\/08\/Logo-768x185.png 768w, https:\/\/keramik-allenbach.ch\/wp-content\/uploads\/2021\/08\/Logo-1536x371.png 1536w, https:\/\/keramik-allenbach.ch\/wp-content\/uploads\/2021\/08\/Logo-2048x494.png 2048w\" sizes=\"(max-width: 300px) 100vw, 300px\" \/>\t\t\t\t\t\t\t\t\t\t\t\t\t\t\t<\/div>\n\t\t\t\t<\/div>\n\t\t\t\t<div class=\"elementor-element elementor-element-1120e3a elementor-widget elementor-widget-spacer\" data-id=\"1120e3a\" data-element_type=\"widget\" data-widget_type=\"spacer.default\">\n\t\t\t\t<div class=\"elementor-widget-container\">\n\t\t\t\t\t\t\t<div class=\"elementor-spacer\">\n\t\t\t<div class=\"elementor-spacer-inner\"><\/div>\n\t\t<\/div>\n\t\t\t\t\t\t<\/div>\n\t\t\t\t<\/div>\n\t\t\t\t<div class=\"elementor-element elementor-element-4f21bb4 elementor-shape-rounded elementor-grid-0 e-grid-align-center elementor-widget elementor-widget-social-icons\" data-id=\"4f21bb4\" data-element_type=\"widget\" data-widget_type=\"social-icons.default\">\n\t\t\t\t<div class=\"elementor-widget-container\">\n\t\t\t\t\t\t\t<div class=\"elementor-social-icons-wrapper elementor-grid\">\n\t\t\t\t\t\t\t<span class=\"elementor-grid-item\">\n\t\t\t\t\t<a class=\"elementor-icon elementor-social-icon elementor-social-icon-facebook elementor-repeater-item-8ee7e88\" href=\"https:\/\/www.facebook.com\/KeramikAllenbachAG\/\" target=\"_blank\">\n\t\t\t\t\t\t<span class=\"elementor-screen-only\">Facebook<\/span>\n\t\t\t\t\t\t<i class=\"fab fa-facebook\"><\/i>\t\t\t\t\t<\/a>\n\t\t\t\t<\/span>\n\t\t\t\t\t\t\t<span class=\"elementor-grid-item\">\n\t\t\t\t\t<a class=\"elementor-icon elementor-social-icon elementor-social-icon-instagram elementor-repeater-item-5880a82\" href=\"https:\/\/www.instagram.com\/keramik_allenbach_ag\/\" target=\"_blank\">\n\t\t\t\t\t\t<span class=\"elementor-screen-only\">Instagram<\/span>\n\t\t\t\t\t\t<i class=\"fab fa-instagram\"><\/i>\t\t\t\t\t<\/a>\n\t\t\t\t<\/span>\n\t\t\t\t\t\t\t<span class=\"elementor-grid-item\">\n\t\t\t\t\t<a class=\"elementor-icon elementor-social-icon elementor-social-icon-linkedin elementor-repeater-item-30c75bb\" href=\"https:\/\/www.linkedin.com\/in\/roger-allenbach-1049892b5\/\" target=\"_blank\">\n\t\t\t\t\t\t<span class=\"elementor-screen-only\">Linkedin<\/span>\n\t\t\t\t\t\t<i class=\"fab fa-linkedin\"><\/i>\t\t\t\t\t<\/a>\n\t\t\t\t<\/span>\n\t\t\t\t\t\t\t<span class=\"elementor-grid-item\">\n\t\t\t\t\t<a class=\"elementor-icon elementor-social-icon elementor-social-icon-youtube elementor-repeater-item-3c5c391\" href=\"https:\/\/youtu.be\/Nuh5wjMGHSg?si=kRQwF5QdFfNp2y6E\" target=\"_blank\">\n\t\t\t\t\t\t<span class=\"elementor-screen-only\">Youtube<\/span>\n\t\t\t\t\t\t<i class=\"fab fa-youtube\"><\/i>\t\t\t\t\t<\/a>\n\t\t\t\t<\/span>\n\t\t\t\t\t<\/div>\n\t\t\t\t\t\t<\/div>\n\t\t\t\t<\/div>\n\t\t\t\t<div class=\"elementor-element elementor-element-ad9581e elementor-widget elementor-widget-spacer\" data-id=\"ad9581e\" data-element_type=\"widget\" data-widget_type=\"spacer.default\">\n\t\t\t\t<div class=\"elementor-widget-container\">\n\t\t\t\t\t\t\t<div class=\"elementor-spacer\">\n\t\t\t<div class=\"elementor-spacer-inner\"><\/div>\n\t\t<\/div>\n\t\t\t\t\t\t<\/div>\n\t\t\t\t<\/div>\n\t\t\t\t<div class=\"elementor-element elementor-element-b29310a elementor-widget elementor-widget-image\" data-id=\"b29310a\" data-element_type=\"widget\" data-widget_type=\"image.default\">\n\t\t\t\t<div class=\"elementor-widget-container\">\n\t\t\t\t\t\t\t\t\t\t\t\t\t\t\t<img decoding=\"async\" src=\"https:\/\/keramik-allenbach.ch\/wp-content\/uploads\/2021\/08\/Hitz-Platinumbetrieb_500px.png\" title=\"\" alt=\"\" loading=\"lazy\" \/>\t\t\t\t\t\t\t\t\t\t\t\t\t\t\t<\/div>\n\t\t\t\t<\/div>\n\t\t\t\t\t<\/div>\n\t\t<\/div>\n\t\t\t\t<div class=\"elementor-column elementor-col-33 elementor-top-column elementor-element elementor-element-c1bd2bb\" data-id=\"c1bd2bb\" data-element_type=\"column\">\n\t\t\t<div class=\"elementor-widget-wrap elementor-element-populated\">\n\t\t\t\t\t\t<div class=\"elementor-element elementor-element-c897277 elementor-widget elementor-widget-text-editor\" data-id=\"c897277\" data-element_type=\"widget\" data-widget_type=\"text-editor.default\">\n\t\t\t\t<div class=\"elementor-widget-container\">\n\t\t\t\t\t\t\t\t\t<p><strong>Hauptsitz\u00a0<\/strong><strong>Keramik Allenbach AG<br \/><\/strong>Staatsstrasse 102c<br \/>3626 H\u00fcnibach<br \/><span style=\"font-size: 1rem;\">Telefon:<\/span><span style=\"font-size: 1rem;\">\u00a0<\/span><span style=\"font-size: 1rem;\">033 243 47 39<\/span><\/p>\t\t\t\t\t\t\t\t<\/div>\n\t\t\t\t<\/div>\n\t\t\t\t<div class=\"elementor-element elementor-element-a03ba75 elementor-widget elementor-widget-text-editor\" data-id=\"a03ba75\" data-element_type=\"widget\" data-widget_type=\"text-editor.default\">\n\t\t\t\t<div class=\"elementor-widget-container\">\n\t\t\t\t\t\t\t\t\t<p><strong>Zweigstelle Jegenstorf<br><\/strong>D\u00e4ttenmoosweg 8<br>3303 Jegenstorf<br><span style=\"font-size: 1rem;\">Telefon: 031 859 45 88<\/span><\/p>\t\t\t\t\t\t\t\t<\/div>\n\t\t\t\t<\/div>\n\t\t\t\t<div class=\"elementor-element elementor-element-29a75c8 elementor-widget elementor-widget-text-editor\" data-id=\"29a75c8\" data-element_type=\"widget\" data-widget_type=\"text-editor.default\">\n\t\t\t\t<div class=\"elementor-widget-container\">\n\t\t\t\t\t\t\t\t\t<p><strong>Unser Partner Stadler AG<br \/><\/strong><span class=\"wixui-rich-text__text\">Alpenstrasse 9<br \/><\/span><span class=\"wixui-rich-text__text\">3550 Langnau i.E.<\/span><strong><br \/><\/strong><\/p>\t\t\t\t\t\t\t\t<\/div>\n\t\t\t\t<\/div>\n\t\t\t\t\t<\/div>\n\t\t<\/div>\n\t\t\t\t<div class=\"elementor-column elementor-col-33 elementor-top-column elementor-element elementor-element-b8ec166\" data-id=\"b8ec166\" data-element_type=\"column\">\n\t\t\t<div class=\"elementor-widget-wrap elementor-element-populated\">\n\t\t\t\t\t\t<div class=\"elementor-element elementor-element-7caddbd elementor-widget elementor-widget-text-editor\" data-id=\"7caddbd\" data-element_type=\"widget\" data-widget_type=\"text-editor.default\">\n\t\t\t\t<div class=\"elementor-widget-container\">\n\t\t\t\t\t\t\t\t\t<p><strong>\u00d6ffnungszeiten<br><\/strong>Montag bis Freitag<br>08:00 bis 12:00 Uhr<br>13:15 bis 17:15 Uhr<\/p>\t\t\t\t\t\t\t\t<\/div>\n\t\t\t\t<\/div>\n\t\t\t\t<div class=\"elementor-element elementor-element-03ae858 elementor-widget elementor-widget-text-editor\" data-id=\"03ae858\" data-element_type=\"widget\" data-widget_type=\"text-editor.default\">\n\t\t\t\t<div class=\"elementor-widget-container\">\n\t\t\t\t\t\t\t\t\t<p><strong>E-Mail<\/strong><br \/>info@keramik-allenbach.ch<\/p>\t\t\t\t\t\t\t\t<\/div>\n\t\t\t\t<\/div>\n\t\t\t\t<div class=\"elementor-element elementor-element-b888f78 elementor-align-center elementor-widget elementor-widget-button\" data-id=\"b888f78\" data-element_type=\"widget\" data-widget_type=\"button.default\">\n\t\t\t\t<div class=\"elementor-widget-container\">\n\t\t\t\t\t\t\t\t\t<div class=\"elementor-button-wrapper\">\n\t\t\t\t\t<a class=\"elementor-button elementor-button-link elementor-size-sm\" href=\"https:\/\/keramik-allenbach.ch\/index.php\/news\/\" target=\"_blank\">\n\t\t\t\t\t\t<span class=\"elementor-button-content-wrapper\">\n\t\t\t\t\t\t<span class=\"elementor-button-icon\">\n\t\t\t\t<i aria-hidden=\"true\" class=\"fas fa-arrow-right\"><\/i>\t\t\t<\/span>\n\t\t\t\t\t\t\t\t\t<span class=\"elementor-button-text\">NEWS                  <\/span>\n\t\t\t\t\t<\/span>\n\t\t\t\t\t<\/a>\n\t\t\t\t<\/div>\n\t\t\t\t\t\t\t\t<\/div>\n\t\t\t\t<\/div>\n\t\t\t\t<div class=\"elementor-element elementor-element-8b12a26 elementor-align-center elementor-widget elementor-widget-button\" data-id=\"8b12a26\" data-element_type=\"widget\" data-widget_type=\"button.default\">\n\t\t\t\t<div class=\"elementor-widget-container\">\n\t\t\t\t\t\t\t\t\t<div class=\"elementor-button-wrapper\">\n\t\t\t\t\t<a class=\"elementor-button elementor-button-link elementor-size-sm\" href=\"https:\/\/keramik-allenbach.ch\/index.php\/offene-stellen\/\" target=\"_blank\">\n\t\t\t\t\t\t<span class=\"elementor-button-content-wrapper\">\n\t\t\t\t\t\t<span class=\"elementor-button-icon\">\n\t\t\t\t<i aria-hidden=\"true\" class=\"fas fa-arrow-right\"><\/i>\t\t\t<\/span>\n\t\t\t\t\t\t\t\t\t<span class=\"elementor-button-text\">JOBS<\/span>\n\t\t\t\t\t<\/span>\n\t\t\t\t\t<\/a>\n\t\t\t\t<\/div>\n\t\t\t\t\t\t\t\t<\/div>\n\t\t\t\t<\/div>\n\t\t\t\t\t<\/div>\n\t\t<\/div>\n\t\t\t\t\t<\/div>\n\t\t<\/section>\n\t\t\t\t<\/div>\n\t\t","protected":false},"excerpt":{"rendered":"<p>Alles \u00fcber den Beruf Plattenleger Hier findest du hilfreiche Informationen rund um die Berufswahl Plattenleger \u2013 was du wissen solltest und warum es eine spannende Wahl ist! T\u00e4tigkeiten Ausbildung Voraussetzungen 1. &#8211; 3. Lehrjahr T\u00e4tigkeiten Plattenleger und Plattenlegerinnen versehen B\u00f6den und W\u00e4nde im Innen- und Aussenbereich mit den unterschiedlichsten keramischen Bel\u00e4gen. Sie verarbeiten neben den [&hellip;]<\/p>\n","protected":false},"author":2,"featured_media":0,"parent":0,"menu_order":0,"comment_status":"closed","ping_status":"closed","template":"","meta":{"footnotes":""},"class_list":["post-3124","page","type-page","status-publish","hentry"],"_links":{"self":[{"href":"https:\/\/keramik-allenbach.ch\/index.php\/wp-json\/wp\/v2\/pages\/3124","targetHints":{"allow":["GET"]}}],"collection":[{"href":"https:\/\/keramik-allenbach.ch\/index.php\/wp-json\/wp\/v2\/pages"}],"about":[{"href":"https:\/\/keramik-allenbach.ch\/index.php\/wp-json\/wp\/v2\/types\/page"}],"author":[{"embeddable":true,"href":"https:\/\/keramik-allenbach.ch\/index.php\/wp-json\/wp\/v2\/users\/2"}],"replies":[{"embeddable":true,"href":"https:\/\/keramik-allenbach.ch\/index.php\/wp-json\/wp\/v2\/comments?post=3124"}],"version-history":[{"count":17,"href":"https:\/\/keramik-allenbach.ch\/index.php\/wp-json\/wp\/v2\/pages\/3124\/revisions"}],"predecessor-version":[{"id":3509,"href":"https:\/\/keramik-allenbach.ch\/index.php\/wp-json\/wp\/v2\/pages\/3124\/revisions\/3509"}],"wp:attachment":[{"href":"https:\/\/keramik-allenbach.ch\/index.php\/wp-json\/wp\/v2\/media?parent=3124"}],"curies":[{"name":"wp","href":"https:\/\/api.w.org\/{rel}","templated":true}]}}